{"id":10,"date":"2023-05-09T20:21:55","date_gmt":"2023-05-09T18:21:55","guid":{"rendered":"https:\/\/konkurs-goledzinow.sarp.warszawa.pl\/?page_id=10"},"modified":"2023-09-20T21:04:19","modified_gmt":"2023-09-20T19:04:19","slug":"harmonogram","status":"publish","type":"page","link":"https:\/\/konkurs-goledzinow.sarp.warszawa.pl\/?page_id=10","title":{"rendered":"Harmonogram"},"content":{"rendered":"\n<figure class=\"wp-block-table\"><table><tbody><tr><td><strong>1.<\/strong><\/td><td><strong><strong><u>OG\u0141OSZENIE KONKURSU<\/u><\/strong><br>&nbsp;<br><\/strong>Zamieszczenie og\u0142oszenia o konkursie w Biuletynie Zam\u00f3wie\u0144 Publicznych.<\/td><td><strong>10.05.2023 r.<\/strong><\/td><\/tr><tr><td><strong>2.<\/strong><\/td><td><strong><u>WNIOSKI O WYJA\u015aNIENIE TRE\u015aCI REGULAMINU (TURA 1<\/u><\/strong>)<br> <br>Zalecany termin sk\u0142adania poprzez Elektroniczn\u0105 Platform\u0119 Konkursow\u0105 wniosk\u00f3w o wyja\u015bnienie tre\u015bci Regulaminu konkursu dotycz\u0105cych w szczeg\u00f3lno\u015bci przygotowania i sk\u0142adania wniosk\u00f3w o dopuszczenie do udzia\u0142u w konkursie. &nbsp; <br><br>Organizator udzieli wyja\u015bnie\u0144 niezw\u0142ocznie, jednak nie p\u00f3\u017aniej ni\u017c na 2 dni przed up\u0142ywem terminu sk\u0142adania wniosk\u00f3w o dopuszczenie do udzia\u0142u w&nbsp;konkursie.<\/td><td>do dnia<strong> <strong>29.05.2023<\/strong> r.<\/strong><\/td><\/tr><tr><td><strong>3.<\/strong><\/td><td><strong><u>WNIOSKI O DOPUSZCZENIE DO UDZIA\u0141U W KONKURSIE &#8211; SK\u0141ADANIE<\/u><\/strong> <br><br>Ostateczny termin sk\u0142adania poprzez Elektroniczn\u0105 Platform\u0119 Konkursow\u0105 wniosk\u00f3w o dopuszczenie do udzia\u0142u w Konkursie oraz podmiotowych \u015brodk\u00f3w dowodowych, o\u015bwiadcze\u0144 i dokument\u00f3w na potwierdzenie spe\u0142nienia warunk\u00f3w udzia\u0142u w Konkursie i wymaga\u0144 okre\u015blonych przez Organizatora. &nbsp; <br><br><em>Organizator uzyska dost\u0119p do powy\u017cszych dokument\u00f3w elektronicznych dopiero po terminie ich z\u0142o\u017cenia.<\/em><\/td><td><strong><strong>02.06.2023<\/strong> r.<\/strong><\/td><\/tr><tr><td><strong>4.<\/strong><\/td><td><strong><u>DOPUSZCZENIE DO UDZIA\u0141U W KONKURSIE<\/u><\/strong><br><br>Ostateczny termin poinformowania Uczestnik\u00f3w konkursu o&nbsp;dopuszczeniu do udzia\u0142u w Konkursie oraz zaproszenie do sk\u0142adania Prac konkursowych lub powiadomienie o niedopuszczeniu do udzia\u0142u w Konkursie.<\/td><td>do dnia<strong> <strong>23.06.2023<\/strong><\/strong> <strong>r.<\/strong><\/td><\/tr><tr><td><strong>5.<\/strong><\/td><td><strong><u>WNIOSKI O WYJA\u015aNIENIE TRE\u015aCI REGULAMINU (TURA 2)<\/u><\/strong><br><br>Zalecany termin sk\u0142adania poprzez Elektroniczn\u0105 Platform\u0119 Konkursow\u0105 <u>wniosk\u00f3w o wyja\u015bnienie tre\u015bci Regulaminu<\/u> konkursu.<br><br>Organizator udzieli wyja\u015bnie\u0144 poprzez EPK niezw\u0142ocznie.<\/td><td>do dnia<strong> <strong>04.08.2023<\/strong> r.<\/strong><\/td><\/tr><tr><td><strong>6.<\/strong><\/td><td><strong><u>PRACE KONKURSOWE &#8211; SK\u0141ADANIE<\/u><\/strong><br><br>Ostateczny termin sk\u0142adania Prac konkursowych.<br><br>Prace konkursowe w postaci elektronicznej nale\u017cy sk\u0142ada\u0107 poprzez Elektroniczn\u0105 Platform\u0119 Konkursow\u0105. <br><em>Organizator uzyska dost\u0119p do powy\u017cszych dokument\u00f3w elektronicznych dopiero po terminie ich z\u0142o\u017cenia<\/em>.<br><br>Prace konkursowe w postaci papierowej nale\u017cy sk\u0142ada\u0107 na adres korespondencyjny Organizatora wskazany w Rozdziale I pkt 1.2.<\/td><td>do dnia<strong> <strong>08.09.2023<\/strong> r.<\/strong> do godziny <strong>15.00<\/strong><\/td><\/tr><tr><td><strong>7.<\/strong><\/td><td><strong><u>OG\u0141OSZENIE WYNIK\u00d3W KONKURSU<\/u><\/strong><br><br>Og\u0142oszenie wynik\u00f3w Konkursu na Stronie internetowej konkursu oraz zawiadomienie poprzez Elektroniczn\u0105 Platform\u0119 Konkursow\u0105 Uczestnik\u00f3w konkursu o wynikach rozstrzygni\u0119cia konkursu.<br><br>W przypadku, gdy Organizator b\u0119dzie organizowa\u0142 oficjalne, publiczne og\u0142oszenie wynik\u00f3w Konkursu, o miejscu i godzinie tego wydarzenia Uczestnicy konkursu zostan\u0105 powiadomieni odr\u0119bnie.<\/td><td>w dniu<strong> <strong>22.09.2023<\/strong> r.<\/strong><br><\/td><\/tr><tr><td><strong>8.<\/strong><\/td><td><strong><u>WYSTAWA POKONKURSOWA<\/u><\/strong> &nbsp; &nbsp; &nbsp; &nbsp; &nbsp;<\/td><td>O dacie wystawy Uczestnicy zostan\u0105 poinformowani odr\u0119bnie<\/td><\/tr><tr><td><strong>9.<\/strong><\/td><td><strong><u>DYSKUSJA POKONKURSOWA<\/u><\/strong> &nbsp; &nbsp; &nbsp; &nbsp;<\/td><td>O dacie dyskusji Uczestnicy zostan\u0105 poinformowani odr\u0119bnie<\/td><\/tr><\/tbody><\/table><\/figure>\n","protected":false},"excerpt":{"rendered":"<p>1. OG\u0141OSZENIE KONKURSU&nbsp;Zamieszczenie og\u0142oszenia o konkursie w Biuletynie Zam\u00f3wie\u0144 Publicznych. 10.05.2023 r. 2. WNIOSKI O WYJA\u015aNIENIE TRE\u015aCI REGULAMINU (TURA 1) Zalecany termin sk\u0142adania poprzez Elektroniczn\u0105 Platform\u0119 Konkursow\u0105 wniosk\u00f3w o wyja\u015bnienie tre\u015bci Regulaminu konkursu dotycz\u0105cych w szczeg\u00f3lno\u015bci przygotowania i sk\u0142adania wniosk\u00f3w<span class=\"ellipsis\">&hellip;<\/span><\/p>\n<div class=\"read-more\"><a href=\"https:\/\/konkurs-goledzinow.sarp.warszawa.pl\/?page_id=10\">Read more <span class=\"screen-reader-text\">Harmonogram<\/span><span class=\"meta-nav\"> &#8250;<\/span><\/a><\/div>\n<p><!-- end of .read-more --><\/p>\n","protected":false},"author":2,"featured_media":0,"parent":0,"menu_order":0,"comment_status":"closed","ping_status":"closed","template":"","meta":{"footnotes":""},"class_list":["post-10","page","type-page","status-publish","hentry"],"_links":{"self":[{"href":"https:\/\/konkurs-goledzinow.sarp.warszawa.pl\/index.php?rest_route=\/wp\/v2\/pages\/10","targetHints":{"allow":["GET"]}}],"collection":[{"href":"https:\/\/konkurs-goledzinow.sarp.warszawa.pl\/index.php?rest_route=\/wp\/v2\/pages"}],"about":[{"href":"https:\/\/konkurs-goledzinow.sarp.warszawa.pl\/index.php?rest_route=\/wp\/v2\/types\/page"}],"author":[{"embeddable":true,"href":"https:\/\/konkurs-goledzinow.sarp.warszawa.pl\/index.php?rest_route=\/wp\/v2\/users\/2"}],"replies":[{"embeddable":true,"href":"https:\/\/konkurs-goledzinow.sarp.warszawa.pl\/index.php?rest_route=%2Fwp%2Fv2%2Fcomments&post=10"}],"version-history":[{"count":10,"href":"https:\/\/konkurs-goledzinow.sarp.warszawa.pl\/index.php?rest_route=\/wp\/v2\/pages\/10\/revisions"}],"predecessor-version":[{"id":222,"href":"https:\/\/konkurs-goledzinow.sarp.warszawa.pl\/index.php?rest_route=\/wp\/v2\/pages\/10\/revisions\/222"}],"wp:attachment":[{"href":"https:\/\/konkurs-goledzinow.sarp.warszawa.pl\/index.php?rest_route=%2Fwp%2Fv2%2Fmedia&parent=10"}],"curies":[{"name":"wp","href":"https:\/\/api.w.org\/{rel}","templated":true}]}}