{"id":20,"date":"2023-05-09T20:23:34","date_gmt":"2023-05-09T18:23:34","guid":{"rendered":"https:\/\/konkurs-goledzinow.sarp.warszawa.pl\/?page_id=20"},"modified":"2023-05-09T20:23:34","modified_gmt":"2023-05-09T18:23:34","slug":"platforma-komunikacji-elektronicznej","status":"publish","type":"page","link":"https:\/\/konkurs-goledzinow.sarp.warszawa.pl\/?page_id=20","title":{"rendered":"Platforma komunikacji elektronicznej"},"content":{"rendered":"\n<p>Komunikacja w Konkursie, w tym:<br>\u2013 sk\u0142adanie wniosk\u00f3w o dopuszczenie do udzia\u0142u w Konkursie w tym tak\u017ce uzupe\u0142nie\u0144 i wyja\u015bnie\u0144 wniosk\u00f3w na wezwanie Organizatora,<br>\u2013 sk\u0142adanie podmiotowych \u015brodk\u00f3w dowodowych, o\u015bwiadcze\u0144 i dokument\u00f3w,<br>\u2013 sk\u0142adanie wniosk\u00f3w o wyja\u015bnienie tre\u015bci Regulaminu konkursu (zadawanie pyta\u0144 do tre\u015bci Regulaminu konkursu),<br>\u2013 sk\u0142adnie Prac konkursowych,<br>\u2013 wymiana wszelkich informacji mi\u0119dzy Zamawiaj\u0105cym a Uczestnikami konkursu,<br>\u2013 przekazywanie dokument\u00f3w lub o\u015bwiadcze\u0144 mi\u0119dzy Zamawiaj\u0105cym a Uczestnikami konkursu<\/p>\n\n\n\n<p>odbywa si\u0119 wy\u0142\u0105cznie przy u\u017cyciu \u015brodka komunikacji elektronicznej jakim jest jakim jest Elektroniczna Platforma Konkursowa (EPK) z zastrze\u017ceniem Rozdzia\u0142u IV pkt 3.1. lit. b.<\/p>\n\n\n\n<p><strong>Elektroniczna Platforma Konkursowa (EPK) dost\u0119pna jest pod adresem <a href=\"https:\/\/epk.sarp.pl\" target=\"_blank\" rel=\"noreferrer noopener\">https:\/\/epk.sarp.pl<\/a><\/strong><\/p>\n\n\n\n<p>Ka\u017cdy podmiot zainteresowany udzia\u0142em w Konkursie musi zarejestrowa\u0107 si\u0119 na Elektronicznej Platformie Konkursowej.<\/p>\n\n\n\n<p>UWAGA:<\/p>\n\n\n\n<ol class=\"wp-block-list\">\n<li>Informacje o wymaganiach technicznych i organizacyjnych sporz\u0105dzania, wysy\u0142ania i odbierania plik\u00f3w w komunikacji elektronicznej poprzez EPK znajduje si\u0119 w dokumencie o nazwie: \u201eRegulamin _ Platforma ZETO PZP EPK\u201d<br>Dokument dost\u0119pny jest na stronie Platformy w zak\u0142adce \u201ePomoc\u201d<br>Uczestnik konkursu ma obowi\u0105zek zapoznania si\u0119 niniejszym Regulaminem<\/li>\n\n\n\n<li>Instrukcja obs\u0142ugi EPK w tym spos\u00f3b sk\u0142adania wszelkich dokument\u00f3w elektronicznych oraz innych informacji (w tym pyta\u0144 do Organizatora) poprzez EPK znajduje si\u0119 w dokumencie o nazwie: \u201eEPK \u2013 Instrukcja dla Uczestnika\u201d.<br>Dokument dost\u0119pny jest na stronie EPK w zak\u0142adce \u201ePomoc\u201d.<br>Uczestnik konkursu ma obowi\u0105zek zapoznania si\u0119 niniejsz\u0105 Instrukcj\u0105.<\/li>\n<\/ol>\n","protected":false},"excerpt":{"rendered":"<p>Komunikacja w Konkursie, w tym:\u2013 sk\u0142adanie wniosk\u00f3w o dopuszczenie do udzia\u0142u w Konkursie w tym tak\u017ce uzupe\u0142nie\u0144 i wyja\u015bnie\u0144 wniosk\u00f3w na wezwanie Organizatora,\u2013 sk\u0142adanie podmiotowych \u015brodk\u00f3w dowodowych, o\u015bwiadcze\u0144 i dokument\u00f3w,\u2013 sk\u0142adanie wniosk\u00f3w o wyja\u015bnienie tre\u015bci Regulaminu konkursu (zadawanie pyta\u0144 do<span class=\"ellipsis\">&hellip;<\/span><\/p>\n<div class=\"read-more\"><a href=\"https:\/\/konkurs-goledzinow.sarp.warszawa.pl\/?page_id=20\">Read more <span class=\"screen-reader-text\">Platforma komunikacji elektronicznej<\/span><span class=\"meta-nav\"> &#8250;<\/span><\/a><\/div>\n<p><!-- end of .read-more --><\/p>\n","protected":false},"author":2,"featured_media":0,"parent":0,"menu_order":0,"comment_status":"closed","ping_status":"closed","template":"","meta":{"footnotes":""},"class_list":["post-20","page","type-page","status-publish","hentry"],"_links":{"self":[{"href":"https:\/\/konkurs-goledzinow.sarp.warszawa.pl\/index.php?rest_route=\/wp\/v2\/pages\/20","targetHints":{"allow":["GET"]}}],"collection":[{"href":"https:\/\/konkurs-goledzinow.sarp.warszawa.pl\/index.php?rest_route=\/wp\/v2\/pages"}],"about":[{"href":"https:\/\/konkurs-goledzinow.sarp.warszawa.pl\/index.php?rest_route=\/wp\/v2\/types\/page"}],"author":[{"embeddable":true,"href":"https:\/\/konkurs-goledzinow.sarp.warszawa.pl\/index.php?rest_route=\/wp\/v2\/users\/2"}],"replies":[{"embeddable":true,"href":"https:\/\/konkurs-goledzinow.sarp.warszawa.pl\/index.php?rest_route=%2Fwp%2Fv2%2Fcomments&post=20"}],"version-history":[{"count":1,"href":"https:\/\/konkurs-goledzinow.sarp.warszawa.pl\/index.php?rest_route=\/wp\/v2\/pages\/20\/revisions"}],"predecessor-version":[{"id":21,"href":"https:\/\/konkurs-goledzinow.sarp.warszawa.pl\/index.php?rest_route=\/wp\/v2\/pages\/20\/revisions\/21"}],"wp:attachment":[{"href":"https:\/\/konkurs-goledzinow.sarp.warszawa.pl\/index.php?rest_route=%2Fwp%2Fv2%2Fmedia&parent=20"}],"curies":[{"name":"wp","href":"https:\/\/api.w.org\/{rel}","templated":true}]}}