{"id":24,"date":"2023-05-09T20:23:50","date_gmt":"2023-05-09T18:23:50","guid":{"rendered":"https:\/\/konkurs-goledzinow.sarp.warszawa.pl\/?page_id=24"},"modified":"2023-05-10T11:36:32","modified_gmt":"2023-05-10T09:36:32","slug":"regulamin","status":"publish","type":"page","link":"https:\/\/konkurs-goledzinow.sarp.warszawa.pl\/?page_id=24","title":{"rendered":"Regulamin"},"content":{"rendered":"\n<p><a href=\"http:\/\/konkurs-goledzinow.sarp.warszawa.pl\/wp-content\/uploads\/2023\/05\/REGULAMIN-KONKURSU_PNG.pdf\" target=\"_blank\" rel=\"noreferrer noopener\">REGULAMIN KONKURSU PARKU NATURALNEGO GOL\u0118DZIN\u00d3W<\/a><\/p>\n\n\n\n<p><a href=\"https:\/\/konkurs-goledzinow.sarp.warszawa.pl\/Zalaczniki_Formalne_1_do_4.zip\" target=\"_blank\" rel=\"noreferrer noopener\">Za\u0142\u0105czniki Formalne 1-4 do Regulaminu Konkursu<\/a><\/p>\n\n\n\n<p><a href=\"https:\/\/konkurs-goledzinow.sarp.warszawa.pl\/Za%C5%82aczniki_Projketowe_nr_5_do_6.zip\">Za\u0142\u0105czniki Projektowe 5 do 6 do Regulaminu Konkursu<\/a><\/p>\n\n\n\n<p><\/p>\n","protected":false},"excerpt":{"rendered":"<p>REGULAMIN KONKURSU PARKU NATURALNEGO GOL\u0118DZIN\u00d3W Za\u0142\u0105czniki Formalne 1-4 do Regulaminu Konkursu Za\u0142\u0105czniki Projektowe 5 do 6 do Regulaminu Konkursu<\/p>\n","protected":false},"author":2,"featured_media":0,"parent":0,"menu_order":0,"comment_status":"closed","ping_status":"closed","template":"","meta":{"footnotes":""},"class_list":["post-24","page","type-page","status-publish","hentry"],"_links":{"self":[{"href":"https:\/\/konkurs-goledzinow.sarp.warszawa.pl\/index.php?rest_route=\/wp\/v2\/pages\/24","targetHints":{"allow":["GET"]}}],"collection":[{"href":"https:\/\/konkurs-goledzinow.sarp.warszawa.pl\/index.php?rest_route=\/wp\/v2\/pages"}],"about":[{"href":"https:\/\/konkurs-goledzinow.sarp.warszawa.pl\/index.php?rest_route=\/wp\/v2\/types\/page"}],"author":[{"embeddable":true,"href":"https:\/\/konkurs-goledzinow.sarp.warszawa.pl\/index.php?rest_route=\/wp\/v2\/users\/2"}],"replies":[{"embeddable":true,"href":"https:\/\/konkurs-goledzinow.sarp.warszawa.pl\/index.php?rest_route=%2Fwp%2Fv2%2Fcomments&post=24"}],"version-history":[{"count":11,"href":"https:\/\/konkurs-goledzinow.sarp.warszawa.pl\/index.php?rest_route=\/wp\/v2\/pages\/24\/revisions"}],"predecessor-version":[{"id":126,"href":"https:\/\/konkurs-goledzinow.sarp.warszawa.pl\/index.php?rest_route=\/wp\/v2\/pages\/24\/revisions\/126"}],"wp:attachment":[{"href":"https:\/\/konkurs-goledzinow.sarp.warszawa.pl\/index.php?rest_route=%2Fwp%2Fv2%2Fmedia&parent=24"}],"curies":[{"name":"wp","href":"https:\/\/api.w.org\/{rel}","templated":true}]}}